{"id":322,"date":"2025-02-07T13:14:33","date_gmt":"2025-02-07T13:14:33","guid":{"rendered":"https:\/\/backtorootsnew.ch.backtoroots.ch\/panier\/"},"modified":"2026-03-06T12:12:00","modified_gmt":"2026-03-06T12:12:00","slug":"panier","status":"publish","type":"page","link":"https:\/\/backtoroots.ch\/accueil\/panier\/","title":{"rendered":"Panier"},"content":{"rendered":"\n<div data-block-name=\"woocommerce\/cart\" class=\"wp-block-woocommerce-cart alignwide is-loading\">\n<div data-block-name=\"woocommerce\/filled-cart-block\" class=\"wp-block-woocommerce-filled-cart-block\">\n<div data-block-name=\"woocommerce\/cart-items-block\" class=\"wp-block-woocommerce-cart-items-block\">\n<div data-block-name=\"woocommerce\/cart-line-items-block\" class=\"wp-block-woocommerce-cart-line-items-block\"><\/div>\n\n\n\n<div data-block-name=\"woocommerce\/cart-cross-sells-block\" class=\"wp-block-woocommerce-cart-cross-sells-block\">\n<h2 class=\"wp-block-heading has-large-font-size\">\u00c7a peut vous int\u00e9resser&#8230;<\/h2>\n\n\n\n<div data-block-name=\"woocommerce\/cart-cross-sells-products-block\" class=\"wp-block-woocommerce-cart-cross-sells-products-block\"><\/div>\n<\/div>\n<\/div>\n\n\n\n<div data-block-name=\"woocommerce\/cart-totals-block\" class=\"wp-block-woocommerce-cart-totals-block\">\n<div data-block-name=\"woocommerce\/cart-order-summary-block\" class=\"wp-block-woocommerce-cart-order-summary-block\">\n<div data-block-name=\"woocommerce\/cart-order-summary-heading-block\" class=\"wp-block-woocommerce-cart-order-summary-heading-block\"><\/div><div data-block-name=\"woocommerce\/cart-order-summary-coupon-form-block\" class=\"wp-block-woocommerce-cart-order-summary-coupon-form-block\"><\/div><div data-block-name=\"woocommerce\/cart-order-summary-totals-block\" class=\"wp-block-woocommerce-cart-order-summary-totals-block\">\n<div data-block-name=\"woocommerce\/cart-order-summary-subtotal-block\" class=\"wp-block-woocommerce-cart-order-summary-subtotal-block\"><\/div>\n<div data-block-name=\"woocommerce\/cart-order-summary-discount-block\" class=\"wp-block-woocommerce-cart-order-summary-discount-block\"><\/div>\n<div data-block-name=\"woocommerce\/cart-order-summary-fee-block\" class=\"wp-block-woocommerce-cart-order-summary-fee-block\"><\/div>\n<div data-block-name=\"woocommerce\/cart-order-summary-shipping-block\" class=\"wp-block-woocommerce-cart-order-summary-shipping-block\"><\/div>\n<div data-block-name=\"woocommerce\/cart-order-summary-taxes-block\" class=\"wp-block-woocommerce-cart-order-summary-taxes-block\"><\/div><\/div>\n<\/div>\n\n\n\n<div data-block-name=\"woocommerce\/cart-express-payment-block\" class=\"wp-block-woocommerce-cart-express-payment-block\"><\/div>\n\n\n\n<div data-block-name=\"woocommerce\/proceed-to-checkout-block\" class=\"wp-block-woocommerce-proceed-to-checkout-block\"><\/div>\n\n\n\n<div data-block-name=\"woocommerce\/cart-accepted-payment-methods-block\" class=\"wp-block-woocommerce-cart-accepted-payment-methods-block\"><\/div>\n<\/div>\n<\/div>\n\n\n\n<div data-block-name=\"woocommerce\/empty-cart-block\" class=\"wp-block-woocommerce-empty-cart-block\">\n<h2 class=\"wp-block-heading has-text-align-center with-empty-cart-icon wc-block-cart__empty-cart__title\">Votre panier est actuellement vide\u00a0!<\/h2>\n\n\n\n<hr class=\"wp-block-separator has-alpha-channel-opacity is-style-dots\"\/>\n\n\n\n<h2 class=\"wp-block-heading has-text-align-center\">Nouveau dans la boutique<\/h2>\n\n\n<div data-block-name=\"woocommerce\/product-new\" data-columns=\"4\" data-rows=\"1\" class=\"wc-block-grid wp-block-product-new wp-block-woocommerce-product-new wc-block-product-new has-4-columns\"><ul class=\"wc-block-grid__products\"><li class=\"wc-block-grid__product\"><span class=\"gtmkit_product_data\" style=\"display:none; visibility:hidden;\" data-gtmkit_product_id=\"1783\" data-gtmkit_product_data=\"{&quot;id&quot;:&quot;1783&quot;,&quot;item_id&quot;:&quot;1783&quot;,&quot;item_name&quot;:&quot;Cacahu\\u00e8tes mini 225g&quot;,&quot;currency&quot;:&quot;CHF&quot;,&quot;price&quot;:4.2,&quot;item_category&quot;:&quot;Noix&quot;,&quot;item_list_name&quot;:&quot;General Product List&quot;,&quot;index&quot;:0}\"><\/span>\n\t\t\t\t<a href=\"https:\/\/backtoroots.ch\/accueil\/produit\/cacahuete-mini\/\" class=\"wc-block-grid__product-link\">\n\t\t\t\t\t\n\t\t\t\t\t<div class=\"wc-block-grid__product-image\"><img loading=\"lazy\" decoding=\"async\" width=\"300\" height=\"300\" src=\"https:\/\/backtoroots.ch\/wp-content\/uploads\/2025\/12\/DSC04898-copie-Modifie-300x300.png\" class=\"attachment-woocommerce_thumbnail size-woocommerce_thumbnail\" alt=\"Cacahu\u00e8tes mini 225g\" \/><\/div>\n\t\t\t\t\t<div class=\"wc-block-grid__product-title\">Cacahu\u00e8tes mini 225g<\/div>\n\t\t\t\t<\/a>\n\t\t\t\t<div class=\"wc-block-grid__product-price price\"><span class=\"woocommerce-Price-amount amount\"><span class=\"woocommerce-Price-currencySymbol\">&#067;&#072;&#070;<\/span>&nbsp;4.20<\/span><\/div>\n\t\t\t\t\n\t\t\t\t<div class=\"wp-block-button wc-block-grid__product-add-to-cart\"><a href=\"\/accueil\/wp-json\/wp\/v2\/pages\/322?add-to-cart=1783\" aria-label=\"Ajouter au panier\u00a0: &ldquo;Cacahu\u00e8tes mini 225g&rdquo;\" data-quantity=\"1\" data-product_id=\"1783\" data-product_sku=\"cacahuete-mini\" data-price=\"4.2\" rel=\"nofollow\" class=\"wp-block-button__link  add_to_cart_button ajax_add_to_cart\">Ajouter au panier<\/a><\/div>\n\t\t\t<\/li><li class=\"wc-block-grid__product\"><span class=\"gtmkit_product_data\" style=\"display:none; visibility:hidden;\" data-gtmkit_product_id=\"1608\" data-gtmkit_product_data=\"{&quot;id&quot;:&quot;1608&quot;,&quot;item_id&quot;:&quot;1608&quot;,&quot;item_name&quot;:&quot;Cajou Crues (vrac)&quot;,&quot;currency&quot;:&quot;CHF&quot;,&quot;price&quot;:23,&quot;item_category&quot;:&quot;Vrac&quot;,&quot;item_list_name&quot;:&quot;General Product List&quot;,&quot;index&quot;:0}\"><\/span>\n\t\t\t\t<a href=\"https:\/\/backtoroots.ch\/accueil\/produit\/cajou-crues-vrac\/\" class=\"wc-block-grid__product-link\">\n\t\t\t\t\t\n\t\t\t\t\t<div class=\"wc-block-grid__product-image\"><img loading=\"lazy\" decoding=\"async\" width=\"300\" height=\"300\" src=\"https:\/\/backtoroots.ch\/wp-content\/uploads\/2025\/09\/Cajou_vrac-300x300.png\" class=\"attachment-woocommerce_thumbnail size-woocommerce_thumbnail\" alt=\"Cajou Crues (vrac)\" \/><\/div>\n\t\t\t\t\t<div class=\"wc-block-grid__product-title\">Cajou Crues (vrac)<\/div>\n\t\t\t\t<\/a>\n\t\t\t\t<div class=\"wc-block-grid__product-price price\"><span class=\"woocommerce-Price-amount amount\"><span class=\"woocommerce-Price-currencySymbol\">&#067;&#072;&#070;<\/span>&nbsp;23.00<\/span><\/div>\n\t\t\t\t\n\t\t\t\t<div class=\"wp-block-button wc-block-grid__product-add-to-cart\"><a href=\"\/accueil\/wp-json\/wp\/v2\/pages\/322?add-to-cart=1608\" aria-label=\"Ajouter au panier\u00a0: &ldquo;Cajou Crues (vrac)&rdquo;\" data-quantity=\"1\" data-product_id=\"1608\" data-product_sku=\"cajou-cru-vrac\" data-price=\"23\" rel=\"nofollow\" class=\"wp-block-button__link  add_to_cart_button ajax_add_to_cart\">Ajouter au panier<\/a><\/div>\n\t\t\t<\/li><li class=\"wc-block-grid__product\"><span class=\"gtmkit_product_data\" style=\"display:none; visibility:hidden;\" data-gtmkit_product_id=\"1603\" data-gtmkit_product_data=\"{&quot;id&quot;:&quot;1603&quot;,&quot;item_id&quot;:&quot;1603&quot;,&quot;item_name&quot;:&quot;Cajou Enti\\u00e8res L\\u00e9g\\u00e8rement Torr\\u00e9fi\\u00e9es (vrac)&quot;,&quot;currency&quot;:&quot;CHF&quot;,&quot;price&quot;:25,&quot;item_category&quot;:&quot;Vrac&quot;,&quot;item_list_name&quot;:&quot;General Product List&quot;,&quot;index&quot;:0}\"><\/span>\n\t\t\t\t<a href=\"https:\/\/backtoroots.ch\/accueil\/produit\/cajou-torrefiees-vrac\/\" class=\"wc-block-grid__product-link\">\n\t\t\t\t\t\n\t\t\t\t\t<div class=\"wc-block-grid__product-image\"><img loading=\"lazy\" decoding=\"async\" width=\"300\" height=\"300\" src=\"https:\/\/backtoroots.ch\/wp-content\/uploads\/2025\/09\/cajour-grillees-300x300.jpg\" class=\"attachment-woocommerce_thumbnail size-woocommerce_thumbnail\" alt=\"Cajou Enti\u00e8res L\u00e9g\u00e8rement Torr\u00e9fi\u00e9es (vrac)\" srcset=\"https:\/\/backtoroots.ch\/wp-content\/uploads\/2025\/09\/cajour-grillees-300x300.jpg 300w, https:\/\/backtoroots.ch\/wp-content\/uploads\/2025\/09\/cajour-grillees-150x150.jpg 150w, https:\/\/backtoroots.ch\/wp-content\/uploads\/2025\/09\/cajour-grillees-100x100.jpg 100w, https:\/\/backtoroots.ch\/wp-content\/uploads\/2025\/09\/cajour-grillees.avif 480w\" sizes=\"(max-width: 300px) 100vw, 300px\" \/><\/div>\n\t\t\t\t\t<div class=\"wc-block-grid__product-title\">Cajou Enti\u00e8res L\u00e9g\u00e8rement Torr\u00e9fi\u00e9es (vrac)<\/div>\n\t\t\t\t<\/a>\n\t\t\t\t<div class=\"wc-block-grid__product-price price\"><span class=\"woocommerce-Price-amount amount\"><span class=\"woocommerce-Price-currencySymbol\">&#067;&#072;&#070;<\/span>&nbsp;25.00<\/span><\/div>\n\t\t\t\t\n\t\t\t\t<div class=\"wp-block-button wc-block-grid__product-add-to-cart\"><a href=\"\/accueil\/wp-json\/wp\/v2\/pages\/322?add-to-cart=1603\" aria-label=\"Ajouter au panier\u00a0: &ldquo;Cajou Enti\u00e8res L\u00e9g\u00e8rement Torr\u00e9fi\u00e9es (vrac)&rdquo;\" data-quantity=\"1\" data-product_id=\"1603\" data-product_sku=\"cajou-enti\u00e8re-vrac\" data-price=\"25\" rel=\"nofollow\" class=\"wp-block-button__link  add_to_cart_button ajax_add_to_cart\">Ajouter au panier<\/a><\/div>\n\t\t\t<\/li><li class=\"wc-block-grid__product\"><span class=\"gtmkit_product_data\" style=\"display:none; visibility:hidden;\" data-gtmkit_product_id=\"1550\" data-gtmkit_product_data=\"{&quot;id&quot;:&quot;1550&quot;,&quot;item_id&quot;:&quot;1550&quot;,&quot;item_name&quot;:&quot;Huile de souchet (vrac)&quot;,&quot;currency&quot;:&quot;CHF&quot;,&quot;price&quot;:38,&quot;item_category&quot;:&quot;Vrac&quot;,&quot;item_list_name&quot;:&quot;General Product List&quot;,&quot;index&quot;:0}\"><\/span>\n\t\t\t\t<a href=\"https:\/\/backtoroots.ch\/accueil\/produit\/huile-de-souchet-vrac\/\" class=\"wc-block-grid__product-link\">\n\t\t\t\t\t\n\t\t\t\t\t<div class=\"wc-block-grid__product-image\"><img loading=\"lazy\" decoding=\"async\" width=\"300\" height=\"300\" src=\"https:\/\/backtoroots.ch\/wp-content\/uploads\/2025\/09\/2-1-300x300.png\" class=\"attachment-woocommerce_thumbnail size-woocommerce_thumbnail\" alt=\"Huile de souchet (vrac)\" \/><\/div>\n\t\t\t\t\t<div class=\"wc-block-grid__product-title\">Huile de souchet (vrac)<\/div>\n\t\t\t\t<\/a>\n\t\t\t\t<div class=\"wc-block-grid__product-price price\"><span class=\"woocommerce-Price-amount amount\"><span class=\"woocommerce-Price-currencySymbol\">&#067;&#072;&#070;<\/span>&nbsp;38.00<\/span><\/div>\n\t\t\t\t\n\t\t\t\t<div class=\"wp-block-button wc-block-grid__product-add-to-cart\"><a href=\"\/accueil\/wp-json\/wp\/v2\/pages\/322?add-to-cart=1550\" aria-label=\"Ajouter au panier\u00a0: &ldquo;Huile de souchet (vrac)&rdquo;\" data-quantity=\"1\" data-product_id=\"1550\" data-product_sku=\"huile-de-souchet\" data-price=\"38\" rel=\"nofollow\" class=\"wp-block-button__link  add_to_cart_button ajax_add_to_cart\">Ajouter au panier<\/a><\/div>\n\t\t\t<\/li><\/ul><\/div><\/div>\n<\/div>\n","protected":false},"excerpt":{"rendered":"","protected":false},"author":1,"featured_media":0,"parent":0,"menu_order":0,"comment_status":"closed","ping_status":"closed","template":"","meta":{"_et_pb_use_builder":"","_et_pb_old_content":"","_et_gb_content_width":"1080","footnotes":""},"class_list":["post-322","page","type-page","status-publish","hentry"],"jetpack_sharing_enabled":true,"_links":{"self":[{"href":"https:\/\/backtoroots.ch\/accueil\/wp-json\/wp\/v2\/pages\/322","targetHints":{"allow":["GET"]}}],"collection":[{"href":"https:\/\/backtoroots.ch\/accueil\/wp-json\/wp\/v2\/pages"}],"about":[{"href":"https:\/\/backtoroots.ch\/accueil\/wp-json\/wp\/v2\/types\/page"}],"author":[{"embeddable":true,"href":"https:\/\/backtoroots.ch\/accueil\/wp-json\/wp\/v2\/users\/1"}],"replies":[{"embeddable":true,"href":"https:\/\/backtoroots.ch\/accueil\/wp-json\/wp\/v2\/comments?post=322"}],"version-history":[{"count":2,"href":"https:\/\/backtoroots.ch\/accueil\/wp-json\/wp\/v2\/pages\/322\/revisions"}],"predecessor-version":[{"id":1745,"href":"https:\/\/backtoroots.ch\/accueil\/wp-json\/wp\/v2\/pages\/322\/revisions\/1745"}],"wp:attachment":[{"href":"https:\/\/backtoroots.ch\/accueil\/wp-json\/wp\/v2\/media?parent=322"}],"curies":[{"name":"wp","href":"https:\/\/api.w.org\/{rel}","templated":true}]}}