{"id":1368,"date":"2025-09-26T16:38:01","date_gmt":"2025-09-26T16:38:01","guid":{"rendered":"https:\/\/backtoroots.ch\/accueil\/?post_type=product&#038;p=1368"},"modified":"2025-09-30T16:58:45","modified_gmt":"2025-09-30T16:58:45","slug":"farine-de-souchet-en-vrac","status":"publish","type":"product","link":"https:\/\/backtoroots.ch\/accueil\/produit\/farine-de-souchet-en-vrac\/","title":{"rendered":"Farine de souchet (vrac)"},"content":{"rendered":"<div class=\"min-h-8 text-message flex w-full flex-col items-end gap-2 whitespace-normal break-words text-start [.text-message+&amp;]:mt-5\" dir=\"auto\" data-message-author-role=\"assistant\" data-message-id=\"3a4965c5-72d9-4468-8da2-c92f8b59182b\" data-message-model-slug=\"gpt-4o\">\n<div class=\"flex w-full flex-col gap-1 empty:hidden first:pt-[3px]\">\n<div class=\"markdown prose w-full break-words dark:prose-invert dark\">\n<h2 data-start=\"315\" data-end=\"388\">BIO Farine de Souchet Extra Fine \u2013 Alternative Saine et Sans Gluten<\/h2>\n<p data-start=\"390\" data-end=\"664\">Issue de souchet biologique cultiv\u00e9 au <strong data-start=\"429\" data-end=\"438\">Niger<\/strong>, notre <strong data-start=\"446\" data-end=\"478\">farine de souchet extra fine<\/strong> est une solution naturelle id\u00e9ale pour remplacer les farines classiques. Riche en fibres, naturellement sucr\u00e9e et sans gluten, elle convient aux r\u00e9gimes vegan, sans lactose et low-carb.<\/p>\n<p data-start=\"390\" data-end=\"664\">18,00CHF \/ KG<\/p>\n<h3 data-start=\"666\" data-end=\"697\"><strong data-start=\"670\" data-end=\"697\">Bienfaits et propri\u00e9t\u00e9s<\/strong><\/h3>\n<ul data-start=\"699\" data-end=\"953\">\n<li data-start=\"699\" data-end=\"760\">\n<p data-start=\"701\" data-end=\"760\">100 % naturelle, sans gluten, sans lactose, sans additifs<\/p>\n<\/li>\n<li data-start=\"761\" data-end=\"809\">\n<p data-start=\"763\" data-end=\"809\">Riche en fibres, fer, magn\u00e9sium et potassium<\/p>\n<\/li>\n<li data-start=\"810\" data-end=\"907\">\n<p data-start=\"812\" data-end=\"907\">Indice glyc\u00e9mique bas : id\u00e9ale pour les personnes diab\u00e9tiques ou en r\u00e9\u00e9quilibrage alimentaire<\/p>\n<\/li>\n<li data-start=\"908\" data-end=\"953\">\n<p data-start=\"910\" data-end=\"953\">Favorise la sati\u00e9t\u00e9 et la bonne digestion<\/p>\n<\/li>\n<\/ul>\n<h3 data-start=\"955\" data-end=\"983\"><strong data-start=\"959\" data-end=\"983\">Utilisations id\u00e9ales<\/strong><\/h3>\n<ul data-start=\"985\" data-end=\"1129\">\n<li data-start=\"985\" data-end=\"1027\">\n<p data-start=\"987\" data-end=\"1027\">P\u00e2tisserie : g\u00e2teaux, cr\u00eapes, biscuits<\/p>\n<\/li>\n<li data-start=\"1028\" data-end=\"1070\">\n<p data-start=\"1030\" data-end=\"1070\">Mix sans gluten : pain, p\u00e2tes, granola<\/p>\n<\/li>\n<li data-start=\"1071\" data-end=\"1129\">\n<p data-start=\"1073\" data-end=\"1129\">\u00c9paississant naturel pour smoothies, sauces et potages<\/p>\n<\/li>\n<\/ul>\n<h3 data-start=\"1131\" data-end=\"1151\"><strong data-start=\"1135\" data-end=\"1151\">Vous \u00eates&#8230;<\/strong><\/h3>\n<p data-start=\"1153\" data-end=\"1262\"><strong data-start=\"1153\" data-end=\"1184\">Transformateur ou artisan ?<\/strong><br data-start=\"1184\" data-end=\"1187\" \/>\u2192 Une alternative locale et saine pour formuler vos produits sans gluten.<\/p>\n<p data-start=\"1264\" data-end=\"1372\"><strong data-start=\"1264\" data-end=\"1293\">\u00c9picerie ou magasin bio ?<\/strong><br data-start=\"1293\" data-end=\"1296\" \/>\u2192 Une farine rare, id\u00e9ale pour la client\u00e8le soucieuse de son alimentation.<\/p>\n<p data-start=\"1374\" data-end=\"1458\"><strong data-start=\"1374\" data-end=\"1394\">Conditionnements<\/strong> : 1 kg | Formats sup\u00e9rieurs sur demande<br data-start=\"1434\" data-end=\"1437\" \/><strong data-start=\"1437\" data-end=\"1448\">Origine<\/strong> : Niger<\/p>\n<\/div>\n<\/div>\n<\/div>\n","protected":false},"excerpt":{"rendered":"<p data-start=\"960\" data-end=\"1158\">Issue de souchet bio du Niger, cette farine sans gluten et naturellement sucr\u00e9e est id\u00e9ale pour p\u00e2tisseries, pains ou recettes di\u00e9t\u00e9tiques. Digeste, riche en fibres et min\u00e9raux.<br data-start=\"1137\" data-end=\"1140\" \/><strong data-start=\"1140\" data-end=\"1158\">CHF 18.00 \/ kg<\/strong><\/p>\n","protected":false},"featured_media":1165,"comment_status":"open","ping_status":"closed","template":"","meta":{"_et_pb_use_builder":"","_et_pb_old_content":"","_et_gb_content_width":""},"product_brand":[],"product_cat":[33,54,56,82],"product_tag":[49,52,48,50,51],"class_list":{"0":"post-1368","1":"product","2":"type-product","3":"status-publish","4":"has-post-thumbnail","6":"product_cat-farine","7":"product_cat-noix","8":"product_cat-noix-tigree","9":"product_cat-vrac","10":"product_tag-bio","11":"product_tag-gluten-free","12":"product_tag-noix-tigree","13":"product_tag-suisse","14":"product_tag-togo","16":"first","17":"instock","18":"taxable","19":"shipping-taxable","20":"purchasable","21":"product-type-simple"},"jetpack_sharing_enabled":true,"_links":{"self":[{"href":"https:\/\/backtoroots.ch\/accueil\/wp-json\/wp\/v2\/product\/1368","targetHints":{"allow":["GET"]}}],"collection":[{"href":"https:\/\/backtoroots.ch\/accueil\/wp-json\/wp\/v2\/product"}],"about":[{"href":"https:\/\/backtoroots.ch\/accueil\/wp-json\/wp\/v2\/types\/product"}],"replies":[{"embeddable":true,"href":"https:\/\/backtoroots.ch\/accueil\/wp-json\/wp\/v2\/comments?post=1368"}],"wp:featuredmedia":[{"embeddable":true,"href":"https:\/\/backtoroots.ch\/accueil\/wp-json\/wp\/v2\/media\/1165"}],"wp:attachment":[{"href":"https:\/\/backtoroots.ch\/accueil\/wp-json\/wp\/v2\/media?parent=1368"}],"wp:term":[{"taxonomy":"product_brand","embeddable":true,"href":"https:\/\/backtoroots.ch\/accueil\/wp-json\/wp\/v2\/product_brand?post=1368"},{"taxonomy":"product_cat","embeddable":true,"href":"https:\/\/backtoroots.ch\/accueil\/wp-json\/wp\/v2\/product_cat?post=1368"},{"taxonomy":"product_tag","embeddable":true,"href":"https:\/\/backtoroots.ch\/accueil\/wp-json\/wp\/v2\/product_tag?post=1368"}],"curies":[{"name":"wp","href":"https:\/\/api.w.org\/{rel}","templated":true}]}}