{"id":1492,"date":"2025-09-27T07:59:57","date_gmt":"2025-09-27T07:59:57","guid":{"rendered":"https:\/\/backtoroots.ch\/accueil\/?post_type=product&#038;p=1492"},"modified":"2026-05-06T13:21:42","modified_gmt":"2026-05-06T13:21:42","slug":"souchet-pele-vrac","status":"publish","type":"product","link":"https:\/\/backtoroots.ch\/accueil\/produit\/souchet-pele-vrac\/","title":{"rendered":"Souchet pel\u00e9 (vrac)"},"content":{"rendered":"<div class=\"min-h-8 text-message flex w-full flex-col items-end gap-2 whitespace-normal break-words text-start [.text-message+&amp;]:mt-5\" dir=\"auto\" data-message-author-role=\"assistant\" data-message-id=\"3a4965c5-72d9-4468-8da2-c92f8b59182b\" data-message-model-slug=\"gpt-4o\">\n<div class=\"flex w-full flex-col gap-1 empty:hidden first:pt-[3px]\">\n<div class=\"markdown prose w-full break-words dark:prose-invert dark\">\n<h2 data-start=\"195\" data-end=\"245\"><strong data-start=\"198\" data-end=\"245\">Souchet Pel\u00e9 \u2013 Encas Sain\u00a0<\/strong><\/h2>\n<p data-start=\"247\" data-end=\"616\">Savourez notre <strong data-start=\"262\" data-end=\"280\">Souchet Nature<\/strong> (ou Noix Tigr\u00e9e), une collation 100 % naturelle, issue des sols fertiles du <strong data-start=\"357\" data-end=\"366\">Niger<\/strong>. Ce super-aliment ancestral, riche en fibres, min\u00e9raux et antioxydants, est reconnu pour ses bienfaits digestifs et \u00e9nerg\u00e9tiques. Il est r\u00e9colt\u00e9 de mani\u00e8re durable et conditionn\u00e9 sans aucun additif, pour une exp\u00e9rience gustative pure et authentique.<\/p>\n<\/div>\n<p data-start=\"247\" data-end=\"616\">20,00CHF\/KG<\/p>\n<div class=\"markdown prose w-full break-words dark:prose-invert dark\">\n<h3 data-start=\"618\" data-end=\"647\"><strong data-start=\"622\" data-end=\"647\">Propri\u00e9t\u00e9s du produit<\/strong><\/h3>\n<p data-start=\"649\" data-end=\"865\"><strong data-start=\"649\" data-end=\"668\">\u2022 100 % naturel<\/strong> : sans additifs, sans gluten, sans OGM<br data-start=\"707\" data-end=\"710\" \/><strong data-start=\"710\" data-end=\"731\">\u2022 Riche en fibres<\/strong> : favorise la digestion et la sati\u00e9t\u00e9<br data-start=\"769\" data-end=\"772\" \/><strong data-start=\"772\" data-end=\"813\">\u2022 Source de magn\u00e9sium, potassium, fer<\/strong><br data-start=\"813\" data-end=\"816\" \/><strong data-start=\"816\" data-end=\"865\">\u2022 Go\u00fbt naturellement sucr\u00e9, texture croquante<\/strong><\/p>\n<h3 data-start=\"867\" data-end=\"897\"><strong data-start=\"871\" data-end=\"897\">Utilisations sugg\u00e9r\u00e9es<\/strong><\/h3>\n<p data-start=\"899\" data-end=\"1157\"><strong data-start=\"899\" data-end=\"915\">\u2022 Snack sain<\/strong> : \u00e0 grignoter \u00e0 tout moment de la journ\u00e9e<br data-start=\"957\" data-end=\"960\" \/><strong data-start=\"960\" data-end=\"985\">\u2022 C\u00e9r\u00e9ales &amp; granolas<\/strong> : excellent compl\u00e9ment nutritif<br data-start=\"1017\" data-end=\"1020\" \/><strong data-start=\"1020\" data-end=\"1053\">\u2022 Infusions ou laits v\u00e9g\u00e9taux<\/strong> : pour boissons nutritives maison<br data-start=\"1087\" data-end=\"1090\" \/><strong data-start=\"1090\" data-end=\"1110\">\u2022 Broy\u00e9 ou moulu<\/strong> : base pour farines, bouillies ou energy balls<\/p>\n<h3 data-start=\"1159\" data-end=\"1186\"><strong data-start=\"1163\" data-end=\"1186\">Formats disponibles<\/strong><\/h3>\n<p data-start=\"1188\" data-end=\"1264\">1 kg | 5 kg | 10 kg | 20 kg \u2013 adapt\u00e9s aux particuliers et aux professionnels<\/p>\n<h3 data-start=\"1266\" data-end=\"1284\"><strong data-start=\"1270\" data-end=\"1284\">Provenance<\/strong><\/h3>\n<p data-start=\"1286\" data-end=\"1424\">Produit cultiv\u00e9 au <strong data-start=\"1305\" data-end=\"1314\">Niger<\/strong>, en partenariat avec des producteurs locaux dans une d\u00e9marche de commerce \u00e9quitable et d\u2019agriculture durable.<\/p>\n<h3 data-start=\"1426\" data-end=\"1442\"><strong data-start=\"1430\" data-end=\"1442\">Stockage<\/strong><\/h3>\n<p data-start=\"1444\" data-end=\"1507\">Conserver dans un endroit frais, sec et \u00e0 l\u2019abri de la lumi\u00e8re.<\/p>\n<\/div>\n<\/div>\n<\/div>\n","protected":false},"excerpt":{"rendered":"<p data-start=\"0\" data-end=\"76\">Version pel\u00e9e du souchet du Niger, plus tendre, tout aussi savoureuse. Pratique pour les pr\u00e9parations rapides, smoothies, ou d\u00e9gust\u00e9 tel quel. Un aliment sain, nourrissant et sans gluten.<br data-start=\"657\" data-end=\"660\" \/><strong data-start=\"660\" data-end=\"678\">CHF 20.00 \/ kg<\/strong><\/p>\n","protected":false},"featured_media":1168,"comment_status":"open","ping_status":"closed","template":"","meta":{"_et_pb_use_builder":"","_et_pb_old_content":"","_et_gb_content_width":""},"product_brand":[],"product_cat":[54,56,82],"product_tag":[49,52,48,50,51],"class_list":{"0":"post-1492","1":"product","2":"type-product","3":"status-publish","4":"has-post-thumbnail","6":"product_cat-noix","7":"product_cat-noix-tigree","8":"product_cat-vrac","9":"product_tag-bio","10":"product_tag-gluten-free","11":"product_tag-noix-tigree","12":"product_tag-suisse","13":"product_tag-togo","15":"first","16":"instock","17":"taxable","18":"shipping-taxable","19":"purchasable","20":"product-type-simple"},"jetpack_sharing_enabled":true,"_links":{"self":[{"href":"https:\/\/backtoroots.ch\/accueil\/wp-json\/wp\/v2\/product\/1492","targetHints":{"allow":["GET"]}}],"collection":[{"href":"https:\/\/backtoroots.ch\/accueil\/wp-json\/wp\/v2\/product"}],"about":[{"href":"https:\/\/backtoroots.ch\/accueil\/wp-json\/wp\/v2\/types\/product"}],"replies":[{"embeddable":true,"href":"https:\/\/backtoroots.ch\/accueil\/wp-json\/wp\/v2\/comments?post=1492"}],"wp:featuredmedia":[{"embeddable":true,"href":"https:\/\/backtoroots.ch\/accueil\/wp-json\/wp\/v2\/media\/1168"}],"wp:attachment":[{"href":"https:\/\/backtoroots.ch\/accueil\/wp-json\/wp\/v2\/media?parent=1492"}],"wp:term":[{"taxonomy":"product_brand","embeddable":true,"href":"https:\/\/backtoroots.ch\/accueil\/wp-json\/wp\/v2\/product_brand?post=1492"},{"taxonomy":"product_cat","embeddable":true,"href":"https:\/\/backtoroots.ch\/accueil\/wp-json\/wp\/v2\/product_cat?post=1492"},{"taxonomy":"product_tag","embeddable":true,"href":"https:\/\/backtoroots.ch\/accueil\/wp-json\/wp\/v2\/product_tag?post=1492"}],"curies":[{"name":"wp","href":"https:\/\/api.w.org\/{rel}","templated":true}]}}