{"id":1497,"date":"2025-09-27T08:02:00","date_gmt":"2025-09-27T08:02:00","guid":{"rendered":"https:\/\/backtoroots.ch\/accueil\/?post_type=product&#038;p=1497"},"modified":"2025-09-30T16:58:20","modified_gmt":"2025-09-30T16:58:20","slug":"flocon-de-souchet-vrac","status":"publish","type":"product","link":"https:\/\/backtoroots.ch\/accueil\/produit\/flocon-de-souchet-vrac\/","title":{"rendered":"Flocon de souchet (vrac)"},"content":{"rendered":"<div class=\"min-h-8 text-message flex w-full flex-col items-end gap-2 whitespace-normal break-words text-start [.text-message+&amp;]:mt-5\" dir=\"auto\" data-message-author-role=\"assistant\" data-message-id=\"3a4965c5-72d9-4468-8da2-c92f8b59182b\" data-message-model-slug=\"gpt-4o\">\n<div class=\"flex w-full flex-col gap-1 empty:hidden first:pt-[3px]\">\n<div class=\"markdown prose w-full break-words dark:prose-invert dark\">\n<h3 data-start=\"194\" data-end=\"260\"><strong data-start=\"198\" data-end=\"260\">BIO Flocons de Souchet \u2013 Qualit\u00e9 Premium (Origine : Niger)<\/strong><\/h3>\n<p data-start=\"262\" data-end=\"604\">D\u00e9couvrez nos <strong data-start=\"276\" data-end=\"302\">Flocons de Souchet Bio<\/strong>, un produit naturel et polyvalent, issu de cultures durables au <strong data-start=\"367\" data-end=\"376\">Niger<\/strong>. Transform\u00e9 \u00e0 partir du souchet (aussi appel\u00e9 noix tigr\u00e9e ou amande de terre), ce super-aliment riche en fibres vous offre une texture croquante et une saveur l\u00e9g\u00e8rement sucr\u00e9e, id\u00e9ale pour une alimentation saine et \u00e9quilibr\u00e9e.<\/p>\n<p data-start=\"262\" data-end=\"604\">22,00CHF\/KG<\/p>\n<hr data-start=\"606\" data-end=\"609\" \/>\n<h3 data-start=\"611\" data-end=\"642\"><strong data-start=\"615\" data-end=\"642\">Bienfaits et Propri\u00e9t\u00e9s<\/strong><\/h3>\n<ul data-start=\"644\" data-end=\"1021\">\n<li data-start=\"644\" data-end=\"708\">\n<p data-start=\"646\" data-end=\"708\"><strong data-start=\"646\" data-end=\"663\">100 % naturel<\/strong> \u2013 Sans additifs, sans allerg\u00e8nes, sans OGM<\/p>\n<\/li>\n<li data-start=\"709\" data-end=\"789\">\n<p data-start=\"711\" data-end=\"789\"><strong data-start=\"711\" data-end=\"787\">Excellente source de fibres, potassium, magn\u00e9sium, fer, vitamines E et C<\/strong><\/p>\n<\/li>\n<li data-start=\"790\" data-end=\"878\">\n<p data-start=\"792\" data-end=\"878\"><strong data-start=\"792\" data-end=\"817\">Indice glyc\u00e9mique bas<\/strong> \u2013 Convient aux personnes diab\u00e9tiques ou en r\u00e9gime low-carb<\/p>\n<\/li>\n<li data-start=\"879\" data-end=\"949\">\n<p data-start=\"881\" data-end=\"949\"><strong data-start=\"881\" data-end=\"947\">Favorise la digestion et la r\u00e9gulation de la flore intestinale<\/strong><\/p>\n<\/li>\n<li data-start=\"950\" data-end=\"1021\">\n<p data-start=\"952\" data-end=\"1021\"><strong data-start=\"952\" data-end=\"1019\">Compatible avec les r\u00e9gimes v\u00e9gans, sans gluten et sans lactose<\/strong><\/p>\n<\/li>\n<\/ul>\n<hr data-start=\"1023\" data-end=\"1026\" \/>\n<h3 data-start=\"1028\" data-end=\"1058\"><strong data-start=\"1032\" data-end=\"1058\">Utilisations Sugg\u00e9r\u00e9es<\/strong><\/h3>\n<ul data-start=\"1060\" data-end=\"1374\">\n<li data-start=\"1060\" data-end=\"1134\">\n<p data-start=\"1062\" data-end=\"1134\"><strong data-start=\"1062\" data-end=\"1080\">Petit-d\u00e9jeuner<\/strong> \u2013 Parfait pour enrichir mueslis, porridges ou bowls<\/p>\n<\/li>\n<li data-start=\"1135\" data-end=\"1229\">\n<p data-start=\"1137\" data-end=\"1229\"><strong data-start=\"1137\" data-end=\"1154\">Cuisine saine<\/strong> \u2013 Peut \u00eatre incorpor\u00e9 dans vos barres \u00e9nerg\u00e9tiques ou pains faits maison<\/p>\n<\/li>\n<li data-start=\"1230\" data-end=\"1304\">\n<p data-start=\"1232\" data-end=\"1304\"><strong data-start=\"1232\" data-end=\"1254\">Boissons v\u00e9g\u00e9tales<\/strong> \u2013 Base id\u00e9ale pour l\u2019<em data-start=\"1276\" data-end=\"1295\">Horchata de Chufa<\/em> maison<\/p>\n<\/li>\n<li data-start=\"1305\" data-end=\"1374\">\n<p data-start=\"1307\" data-end=\"1374\"><strong data-start=\"1307\" data-end=\"1324\">Snack naturel<\/strong> \u2013 Peut se consommer tel quel ou l\u00e9g\u00e8rement grill\u00e9<\/p>\n<\/li>\n<\/ul>\n<hr data-start=\"1376\" data-end=\"1379\" \/>\n<h3 data-start=\"1381\" data-end=\"1435\"><strong data-start=\"1385\" data-end=\"1435\">Professionnels : Ce produit est fait pour vous<\/strong><\/h3>\n<ul data-start=\"1437\" data-end=\"1776\">\n<li data-start=\"1437\" data-end=\"1639\">\n<p data-start=\"1439\" data-end=\"1639\"><strong data-start=\"1439\" data-end=\"1490\">\u00c9piceries fines, boutiques bio ou distributeurs<\/strong><br data-start=\"1490\" data-end=\"1493\" \/>\u2192 Introduisez un produit rare, sain et tendance dans votre assortiment.<br data-start=\"1564\" data-end=\"1567\" \/>\u2192 Disponible en conditionnement vrac (1 kg, 5 kg, 10 kg, 20 kg ou plus).<\/p>\n<\/li>\n<li data-start=\"1641\" data-end=\"1776\">\n<p data-start=\"1643\" data-end=\"1776\"><strong data-start=\"1643\" data-end=\"1688\">Artisans, coffee shops ou transformateurs<\/strong><br data-start=\"1688\" data-end=\"1691\" \/>\u2192 Cr\u00e9ez des recettes uniques \u00e0 partir d\u2019un ingr\u00e9dient naturel, nutritif et savoureux.<\/p>\n<\/li>\n<\/ul>\n<hr data-start=\"1778\" data-end=\"1781\" \/>\n<h3 data-start=\"1783\" data-end=\"1815\"><strong data-start=\"1787\" data-end=\"1815\">Conseils de Conservation<\/strong><\/h3>\n<p data-start=\"1817\" data-end=\"2007\">\u00c0 conserver dans un endroit <strong data-start=\"1845\" data-end=\"1861\">frais et sec<\/strong>, \u00e0 l\u2019abri de la lumi\u00e8re. Bien refermer le conditionnement apr\u00e8s ouverture pour pr\u00e9server les qualit\u00e9s nutritionnelles et la fra\u00eecheur du produit.<\/p>\n<\/div>\n<\/div>\n<\/div>\n","protected":false},"excerpt":{"rendered":"<p data-start=\"0\" data-end=\"76\">D\u00e9licatement transform\u00e9 en flocons, ce super-aliment du Niger se consomme comme muesli, base de porridge ou topping croquant. Riche en fibres et sans gluten.<br data-start=\"882\" data-end=\"885\" \/><strong data-start=\"885\" data-end=\"903\">CHF 22.00 \/ kg<\/strong><\/p>\n","protected":false},"featured_media":1166,"comment_status":"open","ping_status":"closed","template":"","meta":{"_et_pb_use_builder":"","_et_pb_old_content":"","_et_gb_content_width":""},"product_brand":[],"product_cat":[54,56,82],"product_tag":[49,52,48,50,51],"class_list":{"0":"post-1497","1":"product","2":"type-product","3":"status-publish","4":"has-post-thumbnail","6":"product_cat-noix","7":"product_cat-noix-tigree","8":"product_cat-vrac","9":"product_tag-bio","10":"product_tag-gluten-free","11":"product_tag-noix-tigree","12":"product_tag-suisse","13":"product_tag-togo","15":"first","16":"instock","17":"taxable","18":"shipping-taxable","19":"purchasable","20":"product-type-simple"},"jetpack_sharing_enabled":true,"_links":{"self":[{"href":"https:\/\/backtoroots.ch\/accueil\/wp-json\/wp\/v2\/product\/1497","targetHints":{"allow":["GET"]}}],"collection":[{"href":"https:\/\/backtoroots.ch\/accueil\/wp-json\/wp\/v2\/product"}],"about":[{"href":"https:\/\/backtoroots.ch\/accueil\/wp-json\/wp\/v2\/types\/product"}],"replies":[{"embeddable":true,"href":"https:\/\/backtoroots.ch\/accueil\/wp-json\/wp\/v2\/comments?post=1497"}],"wp:featuredmedia":[{"embeddable":true,"href":"https:\/\/backtoroots.ch\/accueil\/wp-json\/wp\/v2\/media\/1166"}],"wp:attachment":[{"href":"https:\/\/backtoroots.ch\/accueil\/wp-json\/wp\/v2\/media?parent=1497"}],"wp:term":[{"taxonomy":"product_brand","embeddable":true,"href":"https:\/\/backtoroots.ch\/accueil\/wp-json\/wp\/v2\/product_brand?post=1497"},{"taxonomy":"product_cat","embeddable":true,"href":"https:\/\/backtoroots.ch\/accueil\/wp-json\/wp\/v2\/product_cat?post=1497"},{"taxonomy":"product_tag","embeddable":true,"href":"https:\/\/backtoroots.ch\/accueil\/wp-json\/wp\/v2\/product_tag?post=1497"}],"curies":[{"name":"wp","href":"https:\/\/api.w.org\/{rel}","templated":true}]}}