{"id":1550,"date":"2025-09-27T08:04:02","date_gmt":"2025-09-27T08:04:02","guid":{"rendered":"https:\/\/backtoroots.ch\/accueil\/?post_type=product&#038;p=1550"},"modified":"2025-09-30T16:58:05","modified_gmt":"2025-09-30T16:58:05","slug":"huile-de-souchet-vrac","status":"publish","type":"product","link":"https:\/\/backtoroots.ch\/accueil\/produit\/huile-de-souchet-vrac\/","title":{"rendered":"Huile de souchet (vrac)"},"content":{"rendered":"<div class=\"min-h-8 text-message flex w-full flex-col items-end gap-2 whitespace-normal break-words text-start [.text-message+&amp;]:mt-5\" dir=\"auto\" data-message-author-role=\"assistant\" data-message-id=\"3a4965c5-72d9-4468-8da2-c92f8b59182b\" data-message-model-slug=\"gpt-4o\">\n<div class=\"flex w-full flex-col gap-1 empty:hidden first:pt-[3px]\">\n<div class=\"markdown prose w-full break-words dark:prose-invert dark\">\n<h2 data-start=\"1465\" data-end=\"1534\">BIO Huile de Souchet Press\u00e9e \u00e0 Froid \u2013 Excellence Pure du Niger<\/h2>\n<p data-start=\"1536\" data-end=\"1760\">Notre <strong data-start=\"1542\" data-end=\"1562\">huile de souchet<\/strong> est obtenue par pression \u00e0 froid de tubercules biologiques issus du <strong data-start=\"1631\" data-end=\"1640\">Niger<\/strong>. Riche en acides gras essentiels et antioxydants naturels, elle s\u2019utilise aussi bien en cosm\u00e9tique qu\u2019en cuisine saine.<\/p>\n<\/div>\n<p data-start=\"1536\" data-end=\"1760\">38CHF\/L<\/p>\n<div class=\"markdown prose w-full break-words dark:prose-invert dark\">\n<h3 data-start=\"1762\" data-end=\"1793\"><strong data-start=\"1766\" data-end=\"1793\">Bienfaits et propri\u00e9t\u00e9s<\/strong><\/h3>\n<ul data-start=\"1795\" data-end=\"2067\">\n<li data-start=\"1795\" data-end=\"1851\">\n<p data-start=\"1797\" data-end=\"1851\">Premi\u00e8re pression \u00e0 froid \u2013 sans traitement chimique<\/p>\n<\/li>\n<li data-start=\"1852\" data-end=\"1901\">\n<p data-start=\"1854\" data-end=\"1901\">Riche en vitamine E, om\u00e9ga-6 et acide ol\u00e9ique<\/p>\n<\/li>\n<li data-start=\"1902\" data-end=\"1988\">\n<p data-start=\"1904\" data-end=\"1988\">Propri\u00e9t\u00e9s nourrissantes, r\u00e9paratrices et protectrices pour la peau et les cheveux<\/p>\n<\/li>\n<li data-start=\"1989\" data-end=\"2067\">\n<p data-start=\"1991\" data-end=\"2067\">Utilisation alimentaire : go\u00fbt doux de noisette, id\u00e9al pour assaisonnement<\/p>\n<\/li>\n<\/ul>\n<h3 data-start=\"2069\" data-end=\"2097\"><strong data-start=\"2073\" data-end=\"2097\">Utilisations id\u00e9ales<\/strong><\/h3>\n<ul data-start=\"2099\" data-end=\"2254\">\n<li data-start=\"2099\" data-end=\"2156\">\n<p data-start=\"2101\" data-end=\"2156\">Cosm\u00e9tique : soin des cheveux, peaux s\u00e8ches, massages<\/p>\n<\/li>\n<li data-start=\"2157\" data-end=\"2205\">\n<p data-start=\"2159\" data-end=\"2205\">Cuisine : salades, sauces, plats v\u00e9g\u00e9tariens<\/p>\n<\/li>\n<li data-start=\"2206\" data-end=\"2254\">\n<p data-start=\"2208\" data-end=\"2254\">Industrie naturelle : base pour formules bio<\/p>\n<\/li>\n<\/ul>\n<h3 data-start=\"2256\" data-end=\"2276\"><strong data-start=\"2260\" data-end=\"2276\">Vous \u00eates&#8230;<\/strong><\/h3>\n<p data-start=\"2278\" data-end=\"2372\"><strong data-start=\"2278\" data-end=\"2316\">Revendeur ou praticien bien-\u00eatre ?<\/strong><br data-start=\"2316\" data-end=\"2319\" \/>\u2192 Une huile rare, multifonctionnelle et \u00e9cologique.<\/p>\n<p data-start=\"2374\" data-end=\"2468\"><strong data-start=\"2374\" data-end=\"2405\">Transformateur cosm\u00e9tique ?<\/strong><br data-start=\"2405\" data-end=\"2408\" \/>\u2192 Ingr\u00e9dient noble et naturel pour vos formulations clean.<\/p>\n<p data-start=\"2470\" data-end=\"2550\"><strong data-start=\"2470\" data-end=\"2490\">Conditionnements<\/strong> : 1 L | Autres formats sur commande<br data-start=\"2526\" data-end=\"2529\" \/><strong data-start=\"2529\" data-end=\"2540\">Origine<\/strong> : Niger<\/p>\n<\/div>\n<\/div>\n<\/div>\n","protected":false},"excerpt":{"rendered":"<p data-start=\"0\" data-end=\"76\">Obtenue par pression \u00e0 froid de souchet bio du Niger, cette huile rare est naturellement riche en om\u00e9ga 9, vitamine E et min\u00e9raux. Sa saveur douce et ses propri\u00e9t\u00e9s nutritionnelles en font un alli\u00e9 id\u00e9al en cuisine saine, soins capillaires ou rituels de beaut\u00e9 naturels.<\/p>\n<p data-start=\"0\" data-end=\"76\">38,00CHF \/L<\/p>\n","protected":false},"featured_media":1394,"comment_status":"open","ping_status":"closed","template":"","meta":{"_et_pb_use_builder":"","_et_pb_old_content":"","_et_gb_content_width":""},"product_brand":[],"product_cat":[35,54,56,82],"product_tag":[49,52,48,50,51],"class_list":{"0":"post-1550","1":"product","2":"type-product","3":"status-publish","4":"has-post-thumbnail","6":"product_cat-huile","7":"product_cat-noix","8":"product_cat-noix-tigree","9":"product_cat-vrac","10":"product_tag-bio","11":"product_tag-gluten-free","12":"product_tag-noix-tigree","13":"product_tag-suisse","14":"product_tag-togo","16":"first","17":"instock","18":"taxable","19":"shipping-taxable","20":"purchasable","21":"product-type-simple"},"jetpack_sharing_enabled":true,"_links":{"self":[{"href":"https:\/\/backtoroots.ch\/accueil\/wp-json\/wp\/v2\/product\/1550","targetHints":{"allow":["GET"]}}],"collection":[{"href":"https:\/\/backtoroots.ch\/accueil\/wp-json\/wp\/v2\/product"}],"about":[{"href":"https:\/\/backtoroots.ch\/accueil\/wp-json\/wp\/v2\/types\/product"}],"replies":[{"embeddable":true,"href":"https:\/\/backtoroots.ch\/accueil\/wp-json\/wp\/v2\/comments?post=1550"}],"wp:featuredmedia":[{"embeddable":true,"href":"https:\/\/backtoroots.ch\/accueil\/wp-json\/wp\/v2\/media\/1394"}],"wp:attachment":[{"href":"https:\/\/backtoroots.ch\/accueil\/wp-json\/wp\/v2\/media?parent=1550"}],"wp:term":[{"taxonomy":"product_brand","embeddable":true,"href":"https:\/\/backtoroots.ch\/accueil\/wp-json\/wp\/v2\/product_brand?post=1550"},{"taxonomy":"product_cat","embeddable":true,"href":"https:\/\/backtoroots.ch\/accueil\/wp-json\/wp\/v2\/product_cat?post=1550"},{"taxonomy":"product_tag","embeddable":true,"href":"https:\/\/backtoroots.ch\/accueil\/wp-json\/wp\/v2\/product_tag?post=1550"}],"curies":[{"name":"wp","href":"https:\/\/api.w.org\/{rel}","templated":true}]}}