{"id":1603,"date":"2025-09-27T08:05:11","date_gmt":"2025-09-27T08:05:11","guid":{"rendered":"https:\/\/backtoroots.ch\/accueil\/?post_type=product&#038;p=1603"},"modified":"2025-09-30T16:57:53","modified_gmt":"2025-09-30T16:57:53","slug":"cajou-torrefiees-vrac","status":"publish","type":"product","link":"https:\/\/backtoroots.ch\/accueil\/produit\/cajou-torrefiees-vrac\/","title":{"rendered":"Cajou Enti\u00e8res L\u00e9g\u00e8rement Torr\u00e9fi\u00e9es (vrac)"},"content":{"rendered":"<div class=\"min-h-8 text-message flex w-full flex-col items-end gap-2 whitespace-normal break-words text-start [.text-message+&amp;]:mt-5\" dir=\"auto\" data-message-author-role=\"assistant\" data-message-id=\"3a4965c5-72d9-4468-8da2-c92f8b59182b\" data-message-model-slug=\"gpt-4o\">\n<div class=\"flex w-full flex-col gap-1 empty:hidden first:pt-[3px]\">\n<div class=\"markdown prose w-full break-words dark:prose-invert dark\">\n<h2 data-start=\"2557\" data-end=\"2622\">Cajou Enti\u00e8res L\u00e9g\u00e8rement Torr\u00e9fi\u00e9es \u2013 Vrac Premium du Togo<\/h2>\n<p data-start=\"2624\" data-end=\"2864\">Nos <strong data-start=\"2628\" data-end=\"2654\">noix de cajou enti\u00e8res<\/strong>, r\u00e9colt\u00e9es au <strong data-start=\"2669\" data-end=\"2677\">Togo<\/strong> et l\u00e9g\u00e8rement torr\u00e9fi\u00e9es, offrent une texture croquante et un go\u00fbt naturellement doux. Cultiv\u00e9es selon des pratiques durables, elles sont sans additifs, sans OGM et riches en nutriments.<\/p>\n<p data-start=\"2624\" data-end=\"2864\">25CHF\/KG<\/p>\n<h3 data-start=\"2866\" data-end=\"2897\"><strong data-start=\"2870\" data-end=\"2897\">Bienfaits et propri\u00e9t\u00e9s<\/strong><\/h3>\n<ul data-start=\"2899\" data-end=\"3052\">\n<li data-start=\"2899\" data-end=\"2948\">\n<p data-start=\"2901\" data-end=\"2948\">Source de prot\u00e9ines, magn\u00e9sium, cuivre et fer<\/p>\n<\/li>\n<li data-start=\"2949\" data-end=\"2989\">\n<p data-start=\"2951\" data-end=\"2989\">Riche en bons lipides (om\u00e9ga 3 et 6)<\/p>\n<\/li>\n<li data-start=\"2990\" data-end=\"3024\">\n<p data-start=\"2992\" data-end=\"3024\">Sans sel ajout\u00e9, sans additifs<\/p>\n<\/li>\n<li data-start=\"3025\" data-end=\"3052\">\n<p data-start=\"3027\" data-end=\"3052\">Sati\u00e9tantes et digestes<\/p>\n<\/li>\n<\/ul>\n<h3 data-start=\"3054\" data-end=\"3082\"><strong data-start=\"3058\" data-end=\"3082\">Utilisations id\u00e9ales<\/strong><\/h3>\n<ul data-start=\"3084\" data-end=\"3191\">\n<li data-start=\"3084\" data-end=\"3110\">\n<p data-start=\"3086\" data-end=\"3110\">Snack sain ou ap\u00e9ritif<\/p>\n<\/li>\n<li data-start=\"3111\" data-end=\"3144\">\n<p data-start=\"3113\" data-end=\"3144\">Topping pour plats et salades<\/p>\n<\/li>\n<li data-start=\"3145\" data-end=\"3191\">\n<p data-start=\"3147\" data-end=\"3191\">Ingr\u00e9dient pour barres, beurres ou mueslis<\/p>\n<\/li>\n<\/ul>\n<h3 data-start=\"3193\" data-end=\"3213\"><strong data-start=\"3197\" data-end=\"3213\">Vous \u00eates&#8230;<\/strong><\/h3>\n<p data-start=\"3215\" data-end=\"3320\"><strong data-start=\"3215\" data-end=\"3258\">\u00c9picerie, concept store ou bar \u00e0 vrac ?<\/strong><br data-start=\"3258\" data-end=\"3261\" \/>\u2192 Un produit premium, appr\u00e9ci\u00e9 pour sa qualit\u00e9 gustative.<\/p>\n<p data-start=\"3322\" data-end=\"3414\"><strong data-start=\"3322\" data-end=\"3358\">Transformateur agroalimentaire ?<\/strong><br data-start=\"3358\" data-end=\"3361\" \/>\u2192 Ingr\u00e9dient naturel pour vos recettes artisanales.<\/p>\n<p data-start=\"3416\" data-end=\"3507\"><strong data-start=\"3416\" data-end=\"3436\">Conditionnements<\/strong> : 1 kg | Formats 5 kg, 10 kg, 25 kg sur demande<br data-start=\"3484\" data-end=\"3487\" \/><strong data-start=\"3487\" data-end=\"3498\">Origine<\/strong> : Togo<\/p>\n<\/div>\n<\/div>\n<\/div>\n","protected":false},"excerpt":{"rendered":"<p data-start=\"0\" data-end=\"76\">Noix de cajou enti\u00e8res l\u00e9g\u00e8rement torr\u00e9fi\u00e9es, origine Togo, au go\u00fbt d\u00e9licat et \u00e0 la texture croquante. Excellentes en en-cas, salades ou cuisine cr\u00e9ative.<br data-start=\"1707\" data-end=\"1710\" \/><strong data-start=\"1710\" data-end=\"1728\">CHF 25.00 \/ kg<\/strong><\/p>\n","protected":false},"featured_media":1450,"comment_status":"open","ping_status":"closed","template":"","meta":{"_et_pb_use_builder":"","_et_pb_old_content":"","_et_gb_content_width":""},"product_brand":[],"product_cat":[55,54,82],"product_tag":[49,52,48,50,51],"class_list":{"0":"post-1603","1":"product","2":"type-product","3":"status-publish","4":"has-post-thumbnail","6":"product_cat-cajou","7":"product_cat-noix","8":"product_cat-vrac","9":"product_tag-bio","10":"product_tag-gluten-free","11":"product_tag-noix-tigree","12":"product_tag-suisse","13":"product_tag-togo","15":"first","16":"instock","17":"taxable","18":"shipping-taxable","19":"purchasable","20":"product-type-simple"},"jetpack_sharing_enabled":true,"_links":{"self":[{"href":"https:\/\/backtoroots.ch\/accueil\/wp-json\/wp\/v2\/product\/1603","targetHints":{"allow":["GET"]}}],"collection":[{"href":"https:\/\/backtoroots.ch\/accueil\/wp-json\/wp\/v2\/product"}],"about":[{"href":"https:\/\/backtoroots.ch\/accueil\/wp-json\/wp\/v2\/types\/product"}],"replies":[{"embeddable":true,"href":"https:\/\/backtoroots.ch\/accueil\/wp-json\/wp\/v2\/comments?post=1603"}],"wp:featuredmedia":[{"embeddable":true,"href":"https:\/\/backtoroots.ch\/accueil\/wp-json\/wp\/v2\/media\/1450"}],"wp:attachment":[{"href":"https:\/\/backtoroots.ch\/accueil\/wp-json\/wp\/v2\/media?parent=1603"}],"wp:term":[{"taxonomy":"product_brand","embeddable":true,"href":"https:\/\/backtoroots.ch\/accueil\/wp-json\/wp\/v2\/product_brand?post=1603"},{"taxonomy":"product_cat","embeddable":true,"href":"https:\/\/backtoroots.ch\/accueil\/wp-json\/wp\/v2\/product_cat?post=1603"},{"taxonomy":"product_tag","embeddable":true,"href":"https:\/\/backtoroots.ch\/accueil\/wp-json\/wp\/v2\/product_tag?post=1603"}],"curies":[{"name":"wp","href":"https:\/\/api.w.org\/{rel}","templated":true}]}}