{"id":1608,"date":"2025-09-27T08:07:45","date_gmt":"2025-09-27T08:07:45","guid":{"rendered":"https:\/\/backtoroots.ch\/accueil\/?post_type=product&#038;p=1608"},"modified":"2025-09-30T16:57:39","modified_gmt":"2025-09-30T16:57:39","slug":"cajou-crues-vrac","status":"publish","type":"product","link":"https:\/\/backtoroots.ch\/accueil\/produit\/cajou-crues-vrac\/","title":{"rendered":"Cajou Crues (vrac)"},"content":{"rendered":"<div class=\"min-h-8 text-message flex w-full flex-col items-end gap-2 whitespace-normal break-words text-start [.text-message+&amp;]:mt-5\" dir=\"auto\" data-message-author-role=\"assistant\" data-message-id=\"3a4965c5-72d9-4468-8da2-c92f8b59182b\" data-message-model-slug=\"gpt-4o\">\n<div class=\"flex w-full flex-col gap-1 empty:hidden first:pt-[3px]\">\n<div class=\"markdown prose w-full break-words dark:prose-invert dark\">\n<h3 data-start=\"1777\" data-end=\"1851\"><strong data-start=\"1784\" data-end=\"1851\">Noix de Cajou Crues \u2013 Naturellement Douces et Riches en \u00c9nergie<\/strong><\/h3>\n<p data-start=\"1853\" data-end=\"2142\">D\u00e9couvrez nos Noix de Cajou Crues en Vrac, directement issues du Togo, non grill\u00e9es, non sal\u00e9es, et conserv\u00e9es dans leur \u00e9tat le plus pur. Leur douceur naturelle, leur richesse en bons lipides et leur texture onctueuse en font un ingr\u00e9dient d\u2019exception pour les amateurs de produits sains.<\/p>\n<p data-start=\"2144\" data-end=\"2277\">Disponibles en plusieurs formats (1 kg, 5 kg, 10 kg et 20 kg), elles conviennent aux professionnels comme aux particuliers exigeants.<\/p>\n<\/div>\n<p data-start=\"2144\" data-end=\"2277\">23,00CHF\/KG<\/p>\n<div class=\"markdown prose w-full break-words dark:prose-invert dark\">\n<h4 data-start=\"2279\" data-end=\"2309\"><strong data-start=\"2284\" data-end=\"2309\">Propri\u00e9t\u00e9s du produit<\/strong><\/h4>\n<ul data-start=\"2311\" data-end=\"2571\">\n<li data-start=\"2311\" data-end=\"2373\">\n<p data-start=\"2313\" data-end=\"2373\"><strong data-start=\"2313\" data-end=\"2330\">100 % naturel<\/strong> : sans traitement, sans sel, sans additifs<\/p>\n<\/li>\n<li data-start=\"2374\" data-end=\"2437\">\n<p data-start=\"2376\" data-end=\"2437\"><strong data-start=\"2376\" data-end=\"2404\">Source d\u2019\u00e9nergie durable<\/strong> : riche en acides gras insatur\u00e9s<\/p>\n<\/li>\n<li data-start=\"2438\" data-end=\"2518\">\n<p data-start=\"2440\" data-end=\"2518\"><strong data-start=\"2440\" data-end=\"2479\">Bonne teneur en prot\u00e9ines v\u00e9g\u00e9tales<\/strong> : parfaite pour les r\u00e9gimes \u00e9quilibr\u00e9s<\/p>\n<\/li>\n<li data-start=\"2519\" data-end=\"2571\">\n<p data-start=\"2521\" data-end=\"2571\"><strong data-start=\"2521\" data-end=\"2542\">Riche en min\u00e9raux<\/strong> : magn\u00e9sium, phosphore, zinc<\/p>\n<\/li>\n<\/ul>\n<h4 data-start=\"2573\" data-end=\"2604\"><strong data-start=\"2578\" data-end=\"2604\">Utilisations sugg\u00e9r\u00e9es<\/strong><\/h4>\n<ul data-start=\"2606\" data-end=\"2823\">\n<li data-start=\"2606\" data-end=\"2664\">\n<p data-start=\"2608\" data-end=\"2664\"><strong data-start=\"2608\" data-end=\"2632\">\u00c0 consommer tel quel<\/strong> : encas cru sain et nourrissant<\/p>\n<\/li>\n<li data-start=\"2665\" data-end=\"2739\">\n<p data-start=\"2667\" data-end=\"2739\"><strong data-start=\"2667\" data-end=\"2692\">Cuisine et p\u00e2tisserie<\/strong> : pour sauces, laits v\u00e9g\u00e9taux ou desserts crus<\/p>\n<\/li>\n<li data-start=\"2740\" data-end=\"2823\">\n<p data-start=\"2742\" data-end=\"2823\"><strong data-start=\"2742\" data-end=\"2761\">Transformations<\/strong> : id\u00e9al pour beurres de cajou, p\u00e2tes \u00e0 tartiner, barres crues<\/p>\n<\/li>\n<\/ul>\n<h4 data-start=\"2825\" data-end=\"2846\"><strong data-start=\"2830\" data-end=\"2846\">Vous \u00eates&#8230;<\/strong><\/h4>\n<p data-start=\"2848\" data-end=\"2965\"><strong data-start=\"2848\" data-end=\"2896\">\u00c9picerie, magasin vrac ou distributeur bio ?<\/strong><br data-start=\"2896\" data-end=\"2899\" \/>\u2192 Proposez \u00e0 vos clients un produit brut, naturel et d\u2019excellence.<\/p>\n<p data-start=\"2967\" data-end=\"3094\"><strong data-start=\"2967\" data-end=\"3014\">Transformateur ou artisan agroalimentaire ?<\/strong><br data-start=\"3014\" data-end=\"3017\" \/>\u2192 Profitez de la qualit\u00e9 brute des noix de cajou pour enrichir vos cr\u00e9ations.<\/p>\n<h4 data-start=\"3096\" data-end=\"3126\"><strong data-start=\"3101\" data-end=\"3124\">Formats disponibles<\/strong><\/h4>\n<p data-start=\"3127\" data-end=\"3203\">1 kg | 5 kg | 10 kg | 20 kg \u2013 adapt\u00e9s aux particuliers et aux professionnels<\/p>\n<h4 data-start=\"3205\" data-end=\"3224\"><strong data-start=\"3210\" data-end=\"3222\">Stockage<\/strong><\/h4>\n<p data-start=\"3225\" data-end=\"3319\">Conserver dans un endroit frais et sec, \u00e0 l\u2019abri de la lumi\u00e8re. Bien refermer apr\u00e8s ouverture.<\/p>\n<\/div>\n<\/div>\n<\/div>\n","protected":false},"excerpt":{"rendered":"<p data-start=\"0\" data-end=\"76\">Cajous non torr\u00e9fi\u00e9es du Togo, au go\u00fbt doux et naturel. Parfaites pour beurres v\u00e9g\u00e9taux, lait de cajou ou snacks healthy. Riche en magn\u00e9sium et bons lipides.<br data-start=\"1920\" data-end=\"1923\" \/><strong data-start=\"1923\" data-end=\"1941\">CHF 23.00 \/ kg<\/strong><\/p>\n","protected":false},"featured_media":1162,"comment_status":"open","ping_status":"closed","template":"","meta":{"_et_pb_use_builder":"","_et_pb_old_content":"","_et_gb_content_width":""},"product_brand":[],"product_cat":[55,54,82],"product_tag":[49,52,48,50,51],"class_list":{"0":"post-1608","1":"product","2":"type-product","3":"status-publish","4":"has-post-thumbnail","6":"product_cat-cajou","7":"product_cat-noix","8":"product_cat-vrac","9":"product_tag-bio","10":"product_tag-gluten-free","11":"product_tag-noix-tigree","12":"product_tag-suisse","13":"product_tag-togo","15":"first","16":"instock","17":"taxable","18":"shipping-taxable","19":"purchasable","20":"product-type-simple"},"jetpack_sharing_enabled":true,"_links":{"self":[{"href":"https:\/\/backtoroots.ch\/accueil\/wp-json\/wp\/v2\/product\/1608","targetHints":{"allow":["GET"]}}],"collection":[{"href":"https:\/\/backtoroots.ch\/accueil\/wp-json\/wp\/v2\/product"}],"about":[{"href":"https:\/\/backtoroots.ch\/accueil\/wp-json\/wp\/v2\/types\/product"}],"replies":[{"embeddable":true,"href":"https:\/\/backtoroots.ch\/accueil\/wp-json\/wp\/v2\/comments?post=1608"}],"wp:featuredmedia":[{"embeddable":true,"href":"https:\/\/backtoroots.ch\/accueil\/wp-json\/wp\/v2\/media\/1162"}],"wp:attachment":[{"href":"https:\/\/backtoroots.ch\/accueil\/wp-json\/wp\/v2\/media?parent=1608"}],"wp:term":[{"taxonomy":"product_brand","embeddable":true,"href":"https:\/\/backtoroots.ch\/accueil\/wp-json\/wp\/v2\/product_brand?post=1608"},{"taxonomy":"product_cat","embeddable":true,"href":"https:\/\/backtoroots.ch\/accueil\/wp-json\/wp\/v2\/product_cat?post=1608"},{"taxonomy":"product_tag","embeddable":true,"href":"https:\/\/backtoroots.ch\/accueil\/wp-json\/wp\/v2\/product_tag?post=1608"}],"curies":[{"name":"wp","href":"https:\/\/api.w.org\/{rel}","templated":true}]}}