{"id":376,"date":"2025-07-09T14:05:59","date_gmt":"2025-07-09T14:05:59","guid":{"rendered":"https:\/\/backtorootsnew.ch.backtoroots.ch\/?post_type=product&#038;p=376"},"modified":"2025-09-30T17:04:18","modified_gmt":"2025-09-30T17:04:18","slug":"noix-tigree-nature-bio","status":"publish","type":"product","link":"https:\/\/backtoroots.ch\/accueil\/produit\/noix-tigree-nature-bio\/","title":{"rendered":"Noix Tigr\u00e9e Nature Bio"},"content":{"rendered":"<p>D\u00e9couvrez notre <strong>Souchet Bio<\/strong>, une solution naturelle et polyvalente pour enrichir votre alimentation. Issu des sols fertiles du Niger, transform\u00e9 en Espagne et distribu\u00e9 en Suisse, ce superaliment rassemble le meilleur de chaque \u00e9tape de sa production.<\/p>\n<p>&nbsp;<\/p>\n<h3><strong>Caract\u00e9ristiques :<\/strong><\/h3>\n<ul>\n<li><strong>100% naturel<\/strong> : sans colorants ni conservateurs<\/li>\n<li><strong>V\u00e9gane, sans gluten et sans lactose<\/strong> : id\u00e9al pour r\u00e9pondre \u00e0 diff\u00e9rents besoins alimentaires<\/li>\n<li><strong>Pr\u00e9biotique<\/strong> : favorise la reconstruction de la flore intestinale<\/li>\n<li><strong>Sans allerg\u00e8nes courants<\/strong> : parfait pour les personnes sensibles ou allergiques<\/li>\n<\/ul>\n<h3><strong>Formats disponibles :<\/strong><\/h3>\n<ul>\n<li><strong>Farine de souchet<\/strong> : id\u00e9ale pour vos p\u00e2tisseries et pr\u00e9parations sans gluten<\/li>\n<li><strong>Flocons de souchet<\/strong> : parfaits pour le petit-d\u00e9jeuner ou les en-cas<\/li>\n<li><strong>Souchet pel\u00e9 (snack)<\/strong> : une collation saine et savoureuse \u00e0 tout moment de la journ\u00e9e<\/li>\n<li><strong>Huile de souchet<\/strong> : pour sublimer vos plats ou vos soins beaut\u00e9<\/li>\n<li><strong>Boisson \u00e0 base de souchet<\/strong> : une alternative v\u00e9g\u00e9tale et gourmande au lait<\/li>\n<\/ul>\n<h3><strong>Bienfaits :<\/strong><\/h3>\n<ul>\n<li><strong>Pour les personnes c\u0153liaques ou intol\u00e9rantes<\/strong> : convient \u00e0 ceux qui \u00e9vitent le gluten, le sucre ou le lactose<\/li>\n<li><strong>Pr\u00e9biotique naturel<\/strong> : soutient la flore intestinale, notamment apr\u00e8s la prise d\u2019antibiotiques ou d\u2019anti-inflammatoires<\/li>\n<li><strong>Riche en nutriments<\/strong> : un alli\u00e9 pour une alimentation \u00e9quilibr\u00e9e et saine<\/li>\n<\/ul>\n<h3><strong>Un produit pour tous :<\/strong><\/h3>\n<p>Que vous soyez \u00e0 la recherche d&rsquo;une alternative naturelle aux collations, d&rsquo;ingr\u00e9dients sans gluten pour cuisiner, ou d&rsquo;un pr\u00e9biotique pour soutenir votre bien-\u00eatre digestif, le Souchet Bio est votre alli\u00e9 au quotidien.<\/p>\n<p><strong>Essayez-le d\u00e8s maintenant et faites le choix du bien-\u00eatre naturel avec le Souchet Bio.<\/strong><\/p>\n","protected":false},"excerpt":{"rendered":"<p>D\u00e9couvrez notre <strong>Souchet Bio<\/strong>, une solution naturelle et polyvalente pour enrichir votre alimentation. Issu des sols fertiles du Niger, transform\u00e9 en Espagne et distribu\u00e9 en Suisse, ce superaliment rassemble le meilleur de chaque \u00e9tape de sa production.<\/p>\n<h3><strong>Caract\u00e9ristiques :<\/strong><\/h3>\n<ul>\n<li><strong>100% naturel<\/strong> : sans colorants ni conservateurs<\/li>\n<li><strong>V\u00e9gane, sans gluten et sans lactose<\/strong> : id\u00e9al pour r\u00e9pondre \u00e0 diff\u00e9rents besoins alimentaires<\/li>\n<li><strong>Pr\u00e9biotique<\/strong> : favorise la reconstruction de la flore intestinale<\/li>\n<li><strong>Sans allerg\u00e8nes courants<\/strong> : parfait pour les personnes sensibles ou allergiques<\/li>\n<\/ul>\n<h3><strong>Formats disponibles :<\/strong><\/h3>\n<ul>\n<li><strong>Farine de souchet<\/strong> : id\u00e9ale pour vos p\u00e2tisseries et pr\u00e9parations sans gluten<\/li>\n<li><strong>Flocons de souchet<\/strong> : parfaits pour le petit-d\u00e9jeuner ou les en-cas<\/li>\n<li><strong>Souchet pel\u00e9 (snack)<\/strong> : une collation saine et savoureuse \u00e0 tout moment de la journ\u00e9e<\/li>\n<li><strong>Huile de souchet<\/strong> : pour sublimer vos plats ou vos soins beaut\u00e9<\/li>\n<li><strong>Boisson \u00e0 base de souchet<\/strong> : une alternative v\u00e9g\u00e9tale et gourmande au lait<\/li>\n<\/ul>\n","protected":false},"featured_media":191,"comment_status":"open","ping_status":"closed","template":"","meta":{"_et_pb_use_builder":"","_et_pb_old_content":"","_et_gb_content_width":""},"product_brand":[],"product_cat":[34,54],"product_tag":[49,52,48,50,51],"class_list":{"0":"post-376","1":"product","2":"type-product","3":"status-publish","4":"has-post-thumbnail","6":"product_cat-graine","7":"product_cat-noix","8":"product_tag-bio","9":"product_tag-gluten-free","10":"product_tag-noix-tigree","11":"product_tag-suisse","12":"product_tag-togo","14":"first","15":"instock","16":"taxable","17":"shipping-taxable","18":"purchasable","19":"product-type-simple"},"jetpack_sharing_enabled":true,"_links":{"self":[{"href":"https:\/\/backtoroots.ch\/accueil\/wp-json\/wp\/v2\/product\/376","targetHints":{"allow":["GET"]}}],"collection":[{"href":"https:\/\/backtoroots.ch\/accueil\/wp-json\/wp\/v2\/product"}],"about":[{"href":"https:\/\/backtoroots.ch\/accueil\/wp-json\/wp\/v2\/types\/product"}],"replies":[{"embeddable":true,"href":"https:\/\/backtoroots.ch\/accueil\/wp-json\/wp\/v2\/comments?post=376"}],"wp:featuredmedia":[{"embeddable":true,"href":"https:\/\/backtoroots.ch\/accueil\/wp-json\/wp\/v2\/media\/191"}],"wp:attachment":[{"href":"https:\/\/backtoroots.ch\/accueil\/wp-json\/wp\/v2\/media?parent=376"}],"wp:term":[{"taxonomy":"product_brand","embeddable":true,"href":"https:\/\/backtoroots.ch\/accueil\/wp-json\/wp\/v2\/product_brand?post=376"},{"taxonomy":"product_cat","embeddable":true,"href":"https:\/\/backtoroots.ch\/accueil\/wp-json\/wp\/v2\/product_cat?post=376"},{"taxonomy":"product_tag","embeddable":true,"href":"https:\/\/backtoroots.ch\/accueil\/wp-json\/wp\/v2\/product_tag?post=376"}],"curies":[{"name":"wp","href":"https:\/\/api.w.org\/{rel}","templated":true}]}}