{"id":929,"date":"2025-07-09T14:14:40","date_gmt":"2025-07-09T14:14:40","guid":{"rendered":"https:\/\/backtoroots.ch\/accueil\/?post_type=product&#038;p=929"},"modified":"2025-09-30T17:03:52","modified_gmt":"2025-09-30T17:03:52","slug":"noix-tigree-pelee","status":"publish","type":"product","link":"https:\/\/backtoroots.ch\/accueil\/produit\/noix-tigree-pelee\/","title":{"rendered":"Noix Tigr\u00e9e Pel\u00e9e"},"content":{"rendered":"<h5 class=\"et_pb_toggle_title\"><strong><span style=\"color: #666666; font-size: 14px;\">Cultiv\u00e9e dans le respect de l\u2019environnement et transform\u00e9e avec soin, cette collation naturelle et saine est un v\u00e9ritable tr\u00e9sor nutritionnel.<\/span><\/strong><\/h5>\n<div class=\"et_pb_toggle_content clearfix\">\n<p><strong>Caract\u00e9ristiques :<\/strong><\/p>\n<ul>\n<li><strong>100% naturel<\/strong>\u00a0: sans additifs, colorants ou conservateurs<\/li>\n<li><strong>V\u00e9gane, sans gluten et sans lactose<\/strong>\u00a0: id\u00e9ale pour tous les r\u00e9gimes alimentaires<\/li>\n<li><strong>Riche en fibres<\/strong>\u00a0: favorise une digestion optimale et la sensation de sati\u00e9t\u00e9<\/li>\n<li><strong>Source de min\u00e9raux essentiels<\/strong>\u00a0: contient du magn\u00e9sium, du potassium et du phosphore<\/li>\n<li><strong>Sans allerg\u00e8nes courants<\/strong>\u00a0: parfait pour les personnes allergiques ou sensibles<\/li>\n<\/ul>\n<p><strong>Formats disponibles :<\/strong><\/p>\n<ul>\n<li><strong>Noix tigr\u00e9e pel\u00e9e (snack)<\/strong>\u00a0: \u00e0 savourer telle quelle pour un en-cas sain<\/li>\n<li><strong>Farine de noix tigr\u00e9e<\/strong>\u00a0: parfaite pour vos recettes sans gluten<\/li>\n<li><strong>Boisson v\u00e9g\u00e9tale \u00e0 base de noix tigr\u00e9e<\/strong>\u00a0: une alternative onctueuse et naturelle au lait<\/li>\n<\/ul>\n<p><strong>Bienfaits :<\/strong><\/p>\n<ul>\n<li><strong>Facile \u00e0 dig\u00e9rer<\/strong>\u00a0: id\u00e9ale pour les intestins sensibles ou fragilis\u00e9s<\/li>\n<li><strong>\u00c9nergisant naturel<\/strong>\u00a0: une collation nutritive pour les journ\u00e9es actives<\/li>\n<li><strong>Favorise le bien-\u00eatre digestif<\/strong>\u00a0: agit comme un pr\u00e9biotique pour soutenir la flore intestinale<\/li>\n<li><strong>Sans sucres ajout\u00e9s<\/strong>\u00a0: pour une consommation saine et ma\u00eetris\u00e9e<\/li>\n<\/ul>\n<p><strong>Un produit polyvalent pour tous :<\/strong><br \/>\nQue vous soyez en qu\u00eate d\u2019une collation saine, d\u2019un ingr\u00e9dient naturel pour vos pr\u00e9parations culinaires ou d\u2019une source d\u2019\u00e9nergie nutritive, notre Noix Tigr\u00e9e Pel\u00e9e saura r\u00e9pondre \u00e0 vos besoins.<\/p>\n<p><strong>Essayez-la d\u00e8s maintenant<\/strong>\u00a0et laissez-vous s\u00e9duire par ses bienfaits et son go\u00fbt d\u00e9licieusement subtil.<\/p>\n<\/div>\n","protected":false},"excerpt":{"rendered":"<h5 class=\"et_pb_toggle_title\"><strong><span style=\"color: #666666; font-size: 14px;\">Cultiv\u00e9e dans le respect de l\u2019environnement et transform\u00e9e avec soin, cette collation naturelle et saine est un v\u00e9ritable tr\u00e9sor nutritionnel.<\/span><\/strong><\/h5>\n<div class=\"et_pb_toggle_content clearfix\">\n<p><strong>Caract\u00e9ristiques :<\/strong><\/p>\n<ul>\n<li><strong>100% naturel<\/strong>\u00a0: sans additifs, colorants ou conservateurs<\/li>\n<li><strong>V\u00e9gane, sans gluten et sans lactose<\/strong>\u00a0: id\u00e9ale pour tous les r\u00e9gimes alimentaires<\/li>\n<li><strong>Riche en fibres<\/strong>\u00a0: favorise une digestion optimale et la sensation de sati\u00e9t\u00e9<\/li>\n<li><strong>Source de min\u00e9raux essentiels<\/strong>\u00a0: contient du magn\u00e9sium, du potassium et du phosphore<\/li>\n<li><strong>Sans allerg\u00e8nes courants<\/strong>\u00a0: parfait pour les personnes allergiques ou sensibles<\/li>\n<\/ul>\n<p><strong>Formats disponibles :<\/strong><\/p>\n<ul>\n<li><strong>Noix tigr\u00e9e pel\u00e9e (snack)<\/strong>\u00a0: \u00e0 savourer telle quelle pour un en-cas sain<\/li>\n<li><strong>Farine de noix tigr\u00e9e<\/strong>\u00a0: parfaite pour vos recettes sans gluten<\/li>\n<li><strong>Boisson v\u00e9g\u00e9tale \u00e0 base de noix tigr\u00e9e<\/strong>\u00a0: une alternative onctueuse et naturelle au lait<\/li>\n<\/ul>\n<\/div>\n","protected":false},"featured_media":605,"comment_status":"open","ping_status":"closed","template":"","meta":{"_et_pb_use_builder":"","_et_pb_old_content":"","_et_gb_content_width":""},"product_brand":[],"product_cat":[34,54],"product_tag":[49,52,48,50,51],"class_list":{"0":"post-929","1":"product","2":"type-product","3":"status-publish","4":"has-post-thumbnail","6":"product_cat-graine","7":"product_cat-noix","8":"product_tag-bio","9":"product_tag-gluten-free","10":"product_tag-noix-tigree","11":"product_tag-suisse","12":"product_tag-togo","14":"first","15":"instock","16":"taxable","17":"shipping-taxable","18":"purchasable","19":"product-type-simple"},"jetpack_sharing_enabled":true,"_links":{"self":[{"href":"https:\/\/backtoroots.ch\/accueil\/wp-json\/wp\/v2\/product\/929","targetHints":{"allow":["GET"]}}],"collection":[{"href":"https:\/\/backtoroots.ch\/accueil\/wp-json\/wp\/v2\/product"}],"about":[{"href":"https:\/\/backtoroots.ch\/accueil\/wp-json\/wp\/v2\/types\/product"}],"replies":[{"embeddable":true,"href":"https:\/\/backtoroots.ch\/accueil\/wp-json\/wp\/v2\/comments?post=929"}],"wp:featuredmedia":[{"embeddable":true,"href":"https:\/\/backtoroots.ch\/accueil\/wp-json\/wp\/v2\/media\/605"}],"wp:attachment":[{"href":"https:\/\/backtoroots.ch\/accueil\/wp-json\/wp\/v2\/media?parent=929"}],"wp:term":[{"taxonomy":"product_brand","embeddable":true,"href":"https:\/\/backtoroots.ch\/accueil\/wp-json\/wp\/v2\/product_brand?post=929"},{"taxonomy":"product_cat","embeddable":true,"href":"https:\/\/backtoroots.ch\/accueil\/wp-json\/wp\/v2\/product_cat?post=929"},{"taxonomy":"product_tag","embeddable":true,"href":"https:\/\/backtoroots.ch\/accueil\/wp-json\/wp\/v2\/product_tag?post=929"}],"curies":[{"name":"wp","href":"https:\/\/api.w.org\/{rel}","templated":true}]}}