{"id":946,"date":"2025-07-10T11:41:15","date_gmt":"2025-07-10T11:41:15","guid":{"rendered":"https:\/\/backtoroots.ch\/accueil\/?post_type=product&#038;p=946"},"modified":"2026-03-17T09:26:16","modified_gmt":"2026-03-17T09:26:16","slug":"cachuetes","status":"publish","type":"product","link":"https:\/\/backtoroots.ch\/accueil\/produit\/cachuetes\/","title":{"rendered":"Cacahu\u00e8tes sal\u00e9es 500g"},"content":{"rendered":"<div class=\"min-h-8 text-message flex w-full flex-col items-end gap-2 whitespace-normal break-words text-start [.text-message+&amp;]:mt-5\" dir=\"auto\" data-message-author-role=\"assistant\" data-message-id=\"3a4965c5-72d9-4468-8da2-c92f8b59182b\" data-message-model-slug=\"gpt-4o\">\n<div class=\"flex w-full flex-col gap-1 empty:hidden first:pt-[3px]\">\n<div class=\"markdown prose w-full break-words dark:prose-invert dark\">\n<p><strong>D\u00e9couvrez nos Cacahu\u00e8tes sal\u00e9es en bouteille : authentiques, saines et savoureuses<\/strong> Issu d\u2019une agriculture sans pesticides et en cours de certification biologique, ce produit est un hommage aux saveurs naturelles et au savoir-faire traditionnel du Togo. <strong>Propri\u00e9t\u00e9s du produit :<\/strong><\/p>\n<ul>\n<li><strong>100% naturel<\/strong> : sans conservateurs, sans colorants, et sans huile ajout\u00e9e<\/li>\n<li><strong>L\u00e9g\u00e8rement sal\u00e9<\/strong> pour une saveur \u00e9quilibr\u00e9e<\/li>\n<li><strong>Disponible sans sel<\/strong> sur commande pour s\u2019adapter \u00e0 vos besoins alimentaires<\/li>\n<\/ul>\n<p><strong>Formats disponibles :<\/strong><\/p>\n<ul>\n<li>Bouteille de 500g<\/li>\n<\/ul>\n<p><strong>Provenance :<\/strong> Cultiv\u00e9es sur notre ferme au sud du Togo, nos cacahu\u00e8tes sont torr\u00e9fi\u00e9es en petites quantit\u00e9s selon une m\u00e9thode traditionnelle qui pr\u00e9serve leur qualit\u00e9 et r\u00e9v\u00e8le une saveur unique, reflet de leur terroir d&rsquo;origine. <strong>Engagements :<\/strong><\/p>\n<ul>\n<li><strong>Un impact positif<\/strong> : En achetant ce produit, vous soutenez l\u2019entrepreneuriat f\u00e9minin et contribuez au d\u00e9veloppement d\u2019une \u00e9conomie durable dans les zones rurales du Togo.<\/li>\n<\/ul>\n<p><strong>Id\u00e9ales pour :<\/strong><\/p>\n<ul>\n<li>Une collation saine et nutritive \u00e0 tout moment de la journ\u00e9e<\/li>\n<li>Agr\u00e9menter vos recettes ou vos ap\u00e9ritifs<\/li>\n<\/ul>\n<p><strong>Faites le choix d\u2019un produit savoureux et \u00e9thique avec nos cacahu\u00e8tes grill\u00e9es Back to Roots.<\/strong><\/p>\n<p data-start=\"0\" data-end=\"76\">\n<\/div>\n<\/div>\n<\/div>\n","protected":false},"excerpt":{"rendered":"<p><strong>D\u00e9couvrez nos Cacahu\u00e8tes Grill\u00e9es : authentiques, saines et savoureuses<\/strong><\/p>\n<p>Issu d\u2019une agriculture sans pesticides et en cours de certification biologique, ce produit est un hommage aux saveurs naturelles et au savoir-faire traditiaonnel du Togo.<\/p>\n<p><strong>Propri\u00e9t\u00e9s du produit :<\/strong><\/p>\n<ul>\n<li><strong>100% naturel<\/strong> : sans conservateurs, sans colorants, et sans huile ajout\u00e9e<\/li>\n<li><strong>L\u00e9g\u00e8rement sal\u00e9<\/strong> pour une saveur \u00e9quilibr\u00e9e<\/li>\n<li><strong>Disponible sans sel<\/strong> sur commande pour s\u2019adapter \u00e0 vos besoins alimentaires<\/li>\n<\/ul>\n","protected":false},"featured_media":188,"comment_status":"open","ping_status":"closed","template":"","meta":{"_et_pb_use_builder":"off","_et_pb_old_content":"<div class=\"min-h-8 text-message flex w-full flex-col items-end gap-2 whitespace-normal break-words text-start [.text-message+&]:mt-5\" dir=\"auto\" data-message-author-role=\"assistant\" data-message-id=\"3a4965c5-72d9-4468-8da2-c92f8b59182b\" data-message-model-slug=\"gpt-4o\">\r\n<div class=\"flex w-full flex-col gap-1 empty:hidden first:pt-[3px]\">\r\n<div class=\"markdown prose w-full break-words dark:prose-invert dark\">\r\n\r\n<strong>D\u00e9couvrez nos Cacahu\u00e8tes Grill\u00e9es : authentiques, saines et savoureuses<\/strong>\r\n\r\nIssu d\u2019une agriculture sans pesticides et en cours de certification biologique, ce produit est un hommage aux saveurs naturelles et au savoir-faire traditionnel du Togo.\r\n\r\n<strong>Propri\u00e9t\u00e9s du produit :<\/strong>\r\n<ul>\r\n \t<li><strong>100% naturel<\/strong> : sans conservateurs, sans colorants, et sans huile ajout\u00e9e<\/li>\r\n \t<li><strong>L\u00e9g\u00e8rement sal\u00e9<\/strong> pour une saveur \u00e9quilibr\u00e9e<\/li>\r\n \t<li><strong>Disponible sans sel<\/strong> sur commande pour s\u2019adapter \u00e0 vos besoins alimentaires<\/li>\r\n<\/ul>\r\n<strong>Formats disponibles :<\/strong>\r\n<ul>\r\n \t<li>Paquets de 80g, 250g, 500g, 1kg et plus (sur commande)<\/li>\r\n<\/ul>\r\n<strong>Provenance :<\/strong>\r\nCultiv\u00e9es sur notre ferme au sud du Togo, nos cacahu\u00e8tes sont torr\u00e9fi\u00e9es en petites quantit\u00e9s selon une m\u00e9thode traditionnelle qui pr\u00e9serve leur qualit\u00e9 et r\u00e9v\u00e8le une saveur unique, reflet de leur terroir d'origine.\r\n\r\n<strong>Engagements :<\/strong>\r\n<ul>\r\n \t<li><strong>Un impact positif<\/strong> : En achetant ce produit, vous soutenez l\u2019entrepreneuriat f\u00e9minin et contribuez au d\u00e9veloppement d\u2019une \u00e9conomie durable dans les zones rurales du Togo.<\/li>\r\n<\/ul>\r\n<strong>Id\u00e9ales pour :<\/strong>\r\n<ul>\r\n \t<li>Une collation saine et nutritive \u00e0 tout moment de la journ\u00e9e<\/li>\r\n \t<li>Agr\u00e9menter vos recettes ou vos ap\u00e9ritifs<\/li>\r\n<\/ul>\r\n<strong>Faites le choix d\u2019un produit savoureux et \u00e9thique avec nos cacahu\u00e8tes grill\u00e9es Back to Roots.<\/strong>\r\n<p data-start=\"0\" data-end=\"76\"><\/p>\r\n\r\n<\/div>\r\n<\/div>\r\n<\/div>","_et_gb_content_width":""},"product_brand":[],"product_cat":[53,54],"product_tag":[49,52,48,50,51],"class_list":{"0":"post-946","1":"product","2":"type-product","3":"status-publish","4":"has-post-thumbnail","6":"product_cat-cacahuetes","7":"product_cat-noix","8":"product_tag-bio","9":"product_tag-gluten-free","10":"product_tag-noix-tigree","11":"product_tag-suisse","12":"product_tag-togo","14":"first","15":"instock","16":"taxable","17":"shipping-taxable","18":"purchasable","19":"product-type-simple"},"jetpack_sharing_enabled":true,"_links":{"self":[{"href":"https:\/\/backtoroots.ch\/accueil\/wp-json\/wp\/v2\/product\/946","targetHints":{"allow":["GET"]}}],"collection":[{"href":"https:\/\/backtoroots.ch\/accueil\/wp-json\/wp\/v2\/product"}],"about":[{"href":"https:\/\/backtoroots.ch\/accueil\/wp-json\/wp\/v2\/types\/product"}],"replies":[{"embeddable":true,"href":"https:\/\/backtoroots.ch\/accueil\/wp-json\/wp\/v2\/comments?post=946"}],"wp:featuredmedia":[{"embeddable":true,"href":"https:\/\/backtoroots.ch\/accueil\/wp-json\/wp\/v2\/media\/188"}],"wp:attachment":[{"href":"https:\/\/backtoroots.ch\/accueil\/wp-json\/wp\/v2\/media?parent=946"}],"wp:term":[{"taxonomy":"product_brand","embeddable":true,"href":"https:\/\/backtoroots.ch\/accueil\/wp-json\/wp\/v2\/product_brand?post=946"},{"taxonomy":"product_cat","embeddable":true,"href":"https:\/\/backtoroots.ch\/accueil\/wp-json\/wp\/v2\/product_cat?post=946"},{"taxonomy":"product_tag","embeddable":true,"href":"https:\/\/backtoroots.ch\/accueil\/wp-json\/wp\/v2\/product_tag?post=946"}],"curies":[{"name":"wp","href":"https:\/\/api.w.org\/{rel}","templated":true}]}}