{"id":947,"date":"2025-07-10T11:46:38","date_gmt":"2025-07-10T11:46:38","guid":{"rendered":"https:\/\/backtoroots.ch\/accueil\/?post_type=product&#038;p=947"},"modified":"2026-03-10T10:35:57","modified_gmt":"2026-03-10T10:35:57","slug":"cachuetes-salees","status":"publish","type":"product","link":"https:\/\/backtoroots.ch\/accueil\/produit\/cachuetes-salees\/","title":{"rendered":"Cacahu\u00e8tes sal\u00e9es 250g"},"content":{"rendered":"<div class=\"min-h-8 text-message flex w-full flex-col items-end gap-2 whitespace-normal break-words text-start [.text-message+&amp;]:mt-5\" dir=\"auto\" data-message-author-role=\"assistant\" data-message-id=\"3a4965c5-72d9-4468-8da2-c92f8b59182b\" data-message-model-slug=\"gpt-4o\">\n<div class=\"flex w-full flex-col gap-1 empty:hidden first:pt-[3px]\">\n<div class=\"markdown prose w-full break-words dark:prose-invert dark\">\n<p data-start=\"0\" data-end=\"76\"><strong data-start=\"0\" data-end=\"74\">Cacahu\u00e8tes torr\u00e9fi\u00e9s l\u00e9g\u00e8rement sal\u00e9es Bio \u2013 Qualit\u00e9 Premium pour une Exp\u00e9rience Naturelle<\/strong><\/p>\n<p data-start=\"78\" data-end=\"481\">D\u00e9couvrez nos Cacahu\u00e8tes Bio, torr\u00e9fi\u00e9es et l\u00e9g\u00e8rement sal\u00e9es soigneusement s\u00e9lectionn\u00e9es pour leur go\u00fbt authentique et leur richesse nutritionnelle. Issues de l\u2019agriculture biologique, elles sont cultiv\u00e9es sans additifs ni OGM, garantissant un produit pur et naturel. Disponibles en paquet de 250 g.<\/p>\n<h3 data-start=\"483\" data-end=\"514\"><strong data-start=\"487\" data-end=\"512\">Propri\u00e9t\u00e9s du produit<\/strong><\/h3>\n<p data-start=\"515\" data-end=\"762\">\u2714 100 % naturel : sans additifs, sans gluten et sans allerg\u00e8nes<br data-start=\"578\" data-end=\"581\" \/>\u2714 Sans OGM : produit pur, conforme aux standards bio<br data-start=\"633\" data-end=\"636\" \/>\u2714 Riche en prot\u00e9ines et en bons lipides : source d\u2019\u00e9nergie durable<br data-start=\"702\" data-end=\"705\" \/>\u2714 Excellente source de fibres, magn\u00e9sium et vitamines B<\/p>\n<h3 data-start=\"764\" data-end=\"796\"><strong data-start=\"768\" data-end=\"794\">Utilisations sugg\u00e9r\u00e9es<\/strong><\/h3>\n<ul data-start=\"797\" data-end=\"1023\">\n<li data-start=\"797\" data-end=\"851\">\u00c0 d\u00e9guster directement : en encas sain et nutritif<\/li>\n<li data-start=\"852\" data-end=\"929\">Cuisine et p\u00e2tisserie : parfaites pour enrichir plats, sauces et desserts<\/li>\n<li data-start=\"930\" data-end=\"1023\">Transformations : id\u00e9ales pour la fabrication de beurres, barres \u00e9nerg\u00e9tiques et granolas<\/li>\n<\/ul>\n<h3 data-start=\"1025\" data-end=\"1054\"><strong data-start=\"1029\" data-end=\"1052\">Formats disponibles<\/strong><\/h3>\n<p data-start=\"1055\" data-end=\"1133\">250 g \u2013 adapt\u00e9s aux particuliers et aux professionnels<\/p>\n<h3 data-start=\"1135\" data-end=\"1153\"><strong data-start=\"1139\" data-end=\"1151\">Stockage<\/strong><\/h3>\n<p data-start=\"1154\" data-end=\"1219\">Conserver dans un endroit frais et sec, \u00e0 l\u2019abri de la lumi\u00e8re.<\/p>\n<p data-start=\"1221\" data-end=\"1322\" data-is-last-node=\"\">Adoptez nos Cacahu\u00e8tes Bio en Vrac et profitez d\u2019un produit naturel, sain et savoureux au quotidien !<\/p>\n<\/div>\n<\/div>\n<\/div>\n","protected":false},"excerpt":{"rendered":"<p data-start=\"0\" data-end=\"76\"><strong data-start=\"0\" data-end=\"74\">Cacahu\u00e8tes Bio \u2013 Qualit\u00e9 Premium pour une Exp\u00e9rience Naturelle<\/strong><\/p>\n<p data-start=\"78\" data-end=\"481\">Pour une sensation de pure plaisir, en ap\u00e9ro ou pour votre utilisation personnelle, optez pour nos cacahu\u00e8tes en paquet de 250 g torr\u00e9fi\u00e9es gr\u00e2ce \u00e0 une technique ancestrale qui conserve toute la valeur nutritionnelle des cacahu\u00e8tes. Id\u00e9ale pour la transformation ou l&rsquo;utilisation en cuisine.<\/p>\n<h3 data-start=\"483\" data-end=\"514\"><strong data-start=\"487\" data-end=\"512\">Propri\u00e9t\u00e9s du produit<\/strong><\/h3>\n<p data-start=\"515\" data-end=\"762\">\u2714 100 % naturel : sans additifs, sans gluten et sans allerg\u00e8nes<br data-start=\"578\" data-end=\"581\" \/>\u2714 Sans OGM : produit pur, conforme aux standards bio<br data-start=\"633\" data-end=\"636\" \/>\u2714 Riche en prot\u00e9ines et en bons lipides : source d\u2019\u00e9nergie durable<br data-start=\"702\" data-end=\"705\" \/>\u2714 Excellente source de fibres, magn\u00e9sium et vitamines B<\/p>\n","protected":false},"featured_media":187,"comment_status":"open","ping_status":"closed","template":"","meta":{"_et_pb_use_builder":"","_et_pb_old_content":"","_et_gb_content_width":""},"product_brand":[],"product_cat":[53,54],"product_tag":[49,52,48,50,51],"class_list":{"0":"post-947","1":"product","2":"type-product","3":"status-publish","4":"has-post-thumbnail","6":"product_cat-cacahuetes","7":"product_cat-noix","8":"product_tag-bio","9":"product_tag-gluten-free","10":"product_tag-noix-tigree","11":"product_tag-suisse","12":"product_tag-togo","14":"first","15":"instock","16":"taxable","17":"shipping-taxable","18":"purchasable","19":"product-type-simple"},"jetpack_sharing_enabled":true,"_links":{"self":[{"href":"https:\/\/backtoroots.ch\/accueil\/wp-json\/wp\/v2\/product\/947","targetHints":{"allow":["GET"]}}],"collection":[{"href":"https:\/\/backtoroots.ch\/accueil\/wp-json\/wp\/v2\/product"}],"about":[{"href":"https:\/\/backtoroots.ch\/accueil\/wp-json\/wp\/v2\/types\/product"}],"replies":[{"embeddable":true,"href":"https:\/\/backtoroots.ch\/accueil\/wp-json\/wp\/v2\/comments?post=947"}],"wp:featuredmedia":[{"embeddable":true,"href":"https:\/\/backtoroots.ch\/accueil\/wp-json\/wp\/v2\/media\/187"}],"wp:attachment":[{"href":"https:\/\/backtoroots.ch\/accueil\/wp-json\/wp\/v2\/media?parent=947"}],"wp:term":[{"taxonomy":"product_brand","embeddable":true,"href":"https:\/\/backtoroots.ch\/accueil\/wp-json\/wp\/v2\/product_brand?post=947"},{"taxonomy":"product_cat","embeddable":true,"href":"https:\/\/backtoroots.ch\/accueil\/wp-json\/wp\/v2\/product_cat?post=947"},{"taxonomy":"product_tag","embeddable":true,"href":"https:\/\/backtoroots.ch\/accueil\/wp-json\/wp\/v2\/product_tag?post=947"}],"curies":[{"name":"wp","href":"https:\/\/api.w.org\/{rel}","templated":true}]}}